{"id":35,"date":"2017-11-25T13:01:39","date_gmt":"2017-11-25T12:01:39","guid":{"rendered":"http:\/\/schenkendorf.com\/?page_id=35"},"modified":"2017-11-27T20:21:40","modified_gmt":"2017-11-27T19:21:40","slug":"ueber-mich","status":"publish","type":"page","link":"https:\/\/schenkendorf.com\/?page_id=35","title":{"rendered":"\u00dcber mich"},"content":{"rendered":"<p><img loading=\"lazy\" decoding=\"async\" class=\"alignleft wp-image-37 size-thumbnail\" src=\"https:\/\/schenkendorf.com\/wp-content\/uploads\/2017\/11\/Profilbild-150x150.jpg\" alt=\"\" width=\"150\" height=\"150\" srcset=\"https:\/\/schenkendorf.com\/wp-content\/uploads\/2017\/11\/Profilbild-150x150.jpg 150w, https:\/\/schenkendorf.com\/wp-content\/uploads\/2017\/11\/Profilbild-300x300.jpg 300w, https:\/\/schenkendorf.com\/wp-content\/uploads\/2017\/11\/Profilbild-768x768.jpg 768w, https:\/\/schenkendorf.com\/wp-content\/uploads\/2017\/11\/Profilbild.jpg 960w\" sizes=\"auto, (max-width: 150px) 100vw, 150px\" \/>Ich hei\u00dfe Stefan Schenkendorf und habe diese Website erstellt aus Interesse am Ph\u00e4nomen Internet. Zum Internet geh\u00f6ren Website mit den unterschiedlichen Inhalten. Dazu geh\u00f6ren viele sch\u00f6ne und n\u00fctzliche Sites ohne kommerziellen&nbsp; Hintergrund wie diese. Meine Intention ist es eigene Erfahrungen wiederzugeben. Dazu gibt es heutztage viele andere Angebote im Internet und eine eigene Website ist in dieser Hinsicht sicherlich ein Auslaufmodel. Da ich aber schon lange eine eigene Domain besitze liegt es nahe diese mit Leben zu erf\u00fcllen und au\u00dferden ist man mit einer eigenen Website auch frei in der Gestaltung.<\/p>\n<p>Ich bin in einer Zeit gro\u00df geworden als das Internet noch kein Thema war und nur wenige Menschen auf der Welt Zugang hatten. Die Welt war noch Analog, der Fernseher flimmerte, die Musik rauschte und das Telefon hatte noch eine W\u00e4hlscheine und stand im Flur auf einem Tischchen mit H\u00e4ckeldeckchen.<\/p>\n<p>Die Computer dieser Zeit hatten Folientastatur und einen Anschlu\u00df f\u00fcr einen Kasettenrecorder und einen Schwarz-Wei\u00df-Fernseher. Die Programme wurden in Basic selbst programmiert oder aus Computerzeitschriften abgeschrieben. In meinem Kinderzimmer tat sich eine fazinierende Welt auf, diese Fazination ist bis heute geblieben, die Welt ist mittlerweile Digital und ich f\u00fchle mich in dieser digitalen Welt sehr wohl.<\/p>\n<p>Meine Freizeitbesch\u00e4ftigung hat stark mit der Computertechnik zu tun. Die Computer sind immer leistungsf\u00e4higer geworden und haben dadurch immer mehr Aufgaben \u00fcbernommen. Heute sind Computer in alle Bereiche der Freizeitgestaltung vorgedrungen, das vereint die Generation X mit der Generation Z.<\/p>\n<p>Computern im Allgemeinen, heute bastele ich nicht mehr so viel an ihnen herum sondern sehe zu das sie ihren Dienst tuen und zuverl\u00e4ssig laufen. Des weiteren besch\u00e4ftige ich mich mit dem H\u00f6ren von Musik gr\u00f6\u00dftenteils in digitaler Form und ich fotografiere mit einer digitalen Spiegelreflexkamera. Auf meinen Fahrradtouren zeichne ich die gefahrene Strecke digital auf um sie in einer Cloud-Anwendung auszuwerten.<\/p>\n","protected":false},"excerpt":{"rendered":"<p>Ich hei\u00dfe Stefan Schenkendorf und habe diese Website erstellt aus Interesse am Ph\u00e4nomen Internet. Zum Internet geh\u00f6ren Website mit den unterschiedlichen Inhalten. Dazu geh\u00f6ren viele sch\u00f6ne und n\u00fctzliche Sites ohne kommerziellen&nbsp; Hintergrund wie diese. Meine Intention ist es eigene Erfahrungen wiederzugeben. Dazu gibt es heutztage viele andere Angebote im Internet und eine eigene Website ist&hellip;&nbsp;<\/p>\n","protected":false},"author":1,"featured_media":0,"parent":0,"menu_order":0,"comment_status":"closed","ping_status":"closed","template":"","meta":{"neve_meta_sidebar":"","neve_meta_container":"","neve_meta_enable_content_width":"","neve_meta_content_width":0,"neve_meta_title_alignment":"","neve_meta_author_avatar":"","neve_post_elements_order":"","neve_meta_disable_header":"","neve_meta_disable_footer":"","neve_meta_disable_title":"","ngg_post_thumbnail":0,"footnotes":""},"class_list":["post-35","page","type-page","status-publish","hentry"],"_links":{"self":[{"href":"https:\/\/schenkendorf.com\/index.php?rest_route=\/wp\/v2\/pages\/35","targetHints":{"allow":["GET"]}}],"collection":[{"href":"https:\/\/schenkendorf.com\/index.php?rest_route=\/wp\/v2\/pages"}],"about":[{"href":"https:\/\/schenkendorf.com\/index.php?rest_route=\/wp\/v2\/types\/page"}],"author":[{"embeddable":true,"href":"https:\/\/schenkendorf.com\/index.php?rest_route=\/wp\/v2\/users\/1"}],"replies":[{"embeddable":true,"href":"https:\/\/schenkendorf.com\/index.php?rest_route=%2Fwp%2Fv2%2Fcomments&post=35"}],"version-history":[{"count":4,"href":"https:\/\/schenkendorf.com\/index.php?rest_route=\/wp\/v2\/pages\/35\/revisions"}],"predecessor-version":[{"id":51,"href":"https:\/\/schenkendorf.com\/index.php?rest_route=\/wp\/v2\/pages\/35\/revisions\/51"}],"wp:attachment":[{"href":"https:\/\/schenkendorf.com\/index.php?rest_route=%2Fwp%2Fv2%2Fmedia&parent=35"}],"curies":[{"name":"wp","href":"https:\/\/api.w.org\/{rel}","templated":true}]}}